{"id":8,"date":"2025-06-17T01:00:34","date_gmt":"2025-06-17T01:00:34","guid":{"rendered":"https:\/\/scisolucionesintegralesgt.com\/?page_id=8"},"modified":"2025-09-20T21:06:49","modified_gmt":"2025-09-20T21:06:49","slug":"inicio","status":"publish","type":"page","link":"https:\/\/scisolucionesintegralesgt.com\/en\/","title":{"rendered":"We train people. We strengthen systems. We transform companies."},"content":{"rendered":"<p>At SCI Consulting and Training <strong>we reduce risks, avoid penalties and improve productivity<\/strong> of Guatemalan companies.<\/p>\n\n<p>We implement technical solutions in <strong>Safety, Occupational Health, Environment and ISO Management Systems<\/strong>helping our customers to <strong>reduce costs associated with occupational accidents, downtime, environmental impacts and loss of productivity<\/strong>.<\/p>\n\n<p>By ensuring working conditions <strong>safe, sustainable and aligned with current legislation<\/strong>We strengthen operational efficiency and prevent legal or administrative sanctions.<\/p> \n\n<p>A well-managed work environment also <strong>reduces staff turnover<\/strong>, <strong>promotes a preventive culture<\/strong> y <strong>generates a positive and sustainable financial impact in the long term<\/strong>.<\/p>\n\n\n\n<a href=\"https:\/\/wa.me\/50247174184?text=Somos SCI. Ayudamos a empresas como la tuya a evitar accidentes, sanciones y p\u00e9rdidas. Escr\u00edbenos y resolveremos c\u00f3mo apoyarte.\" target=\"_blank\" style=\"display: flex; align-items: center; justify-content: center; background-color: #25D366; color: white; padding: 12px; border-radius: 6px; font-weight: bold; text-decoration: none; gap: 8px;\" rel=\"noopener\">\n  <img decoding=\"async\" src=\"https:\/\/cdn-icons-png.flaticon.com\/512\/220\/220236.png\" alt=\"WhatsApp\" style=\"width: 20px; height: 20px;\">\n  Conversemos por WhatsApp\n<\/a>\n\n\n\n<p><\/p>","protected":false},"excerpt":{"rendered":"<p>En SCI Consulting and Training reducimos riesgos, evitamos sanciones y mejoramos la productividad de las empresas guatemaltecas. Implementamos soluciones t\u00e9cnicas en Seguridad, Salud Ocupacional, Medio Ambiente y Sistemas de Gesti\u00f3n ISO, ayudando a nuestros clientes a disminuir gastos asociados a accidentes laborales, tiempos de inactividad, impactos ambientales y p\u00e9rdida de productividad. Al garantizar condiciones de [&hellip;]<\/p>","protected":false},"author":1,"featured_media":0,"parent":0,"menu_order":0,"comment_status":"closed","ping_status":"closed","template":"","meta":{"footnotes":""},"class_list":["post-8","page","type-page","status-publish","hentry"],"blocksy_meta":[],"_links":{"self":[{"href":"https:\/\/scisolucionesintegralesgt.com\/en\/wp-json\/wp\/v2\/pages\/8","targetHints":{"allow":["GET"]}}],"collection":[{"href":"https:\/\/scisolucionesintegralesgt.com\/en\/wp-json\/wp\/v2\/pages"}],"about":[{"href":"https:\/\/scisolucionesintegralesgt.com\/en\/wp-json\/wp\/v2\/types\/page"}],"author":[{"embeddable":true,"href":"https:\/\/scisolucionesintegralesgt.com\/en\/wp-json\/wp\/v2\/users\/1"}],"replies":[{"embeddable":true,"href":"https:\/\/scisolucionesintegralesgt.com\/en\/wp-json\/wp\/v2\/comments?post=8"}],"version-history":[{"count":86,"href":"https:\/\/scisolucionesintegralesgt.com\/en\/wp-json\/wp\/v2\/pages\/8\/revisions"}],"predecessor-version":[{"id":1252,"href":"https:\/\/scisolucionesintegralesgt.com\/en\/wp-json\/wp\/v2\/pages\/8\/revisions\/1252"}],"wp:attachment":[{"href":"https:\/\/scisolucionesintegralesgt.com\/en\/wp-json\/wp\/v2\/media?parent=8"}],"curies":[{"name":"wp","href":"https:\/\/api.w.org\/{rel}","templated":true}]}}