{"id":796,"date":"2025-06-30T14:20:49","date_gmt":"2025-06-30T14:20:49","guid":{"rendered":"https:\/\/scisolucionesintegralesgt.com\/?page_id=796"},"modified":"2025-07-01T15:38:37","modified_gmt":"2025-07-01T15:38:37","slug":"casos-de-exito","status":"publish","type":"page","link":"https:\/\/scisolucionesintegralesgt.com\/en\/casos-de-exito\/","title":{"rendered":"Casos de \u00c9xito"},"content":{"rendered":"<div style=\"max-width: 900px; margin: 40px auto; font-family: Arial, sans-serif;\">\n\n  <!-- CASO 1 -->\n  <div style=\"background-color: #e3f2fd; border-left: 10px solid #1565c0; padding: 20px; margin-bottom: 30px; border-radius: 12px;\">\n    <h3 style=\"color: #0d47a1; font-size: 22px; font-weight: bold;\">Caso No. 1: Mejora de la Excelencia Operativa<\/h3>\n    <p><strong>Fortaleciendo la Gesti\u00f3n Operativa de Instalaciones Electromec\u00e1nicas, S.A. (IEGSA) con Est\u00e1ndares ISO: Un Impacto Real.<\/strong><\/p>\n    <a href=\"\/en\/caso-de-exito-iegsa\/\" style=\"background-color: #1565c0; color: white; padding: 10px 18px; border-radius: 6px; text-decoration: none; font-weight: bold;\">Ver caso completo<\/a>\n  <\/div>\n\n  <!-- CASO No.2 -->\n  <div style=\"background-color: #e8f5e9; border-left: 10px solid #2e7d32; padding: 20px; margin-bottom: 30px; border-radius: 12px;\">\n    <h3 style=\"color: #1b5e20; font-size: 22px; font-weight: bold;\">Caso 2: Transformaci\u00f3n de Calidad: De Est\u00e1ndares a un Sistema Integrado<\/h3>\n    <p><strong>Consolidando la Visi\u00f3n de Calidad de Hospital Privado VALREV.<\/strong><\/p>\n    <a href=\"\/en\/caso-2-hospital-privado-valrev\/\" style=\"background-color: #2e7d32; color: white; padding: 10px 18px; border-radius: 6px; text-decoration: none; font-weight: bold;\">Ver caso completo<\/a>\n  <\/div>\n\n  <!-- CASO No.3 -->\n  <div style=\"background-color: #fff3e0; border-left: 10px solid #ef6c00; padding: 20px; margin-bottom: 30px; border-radius: 12px;\">\n    <h3 style=\"color: #e65100; font-size: 22px; font-weight: bold;\">Caso 3: Optimizaci\u00f3n de Competencias del Personal<\/h3>\n    <p><strong>Potenciando el Talento Humano de Instituto Nacional de Electrificaci\u00f3n (INDE) a trav\u00e9s de la Capacitaci\u00f3n Continua y Consolidada.<\/strong><\/p>\n    <a href=\"\/en\/caso-3-instituto-nacional-de-electrificacion-inde\/\" style=\"background-color: #ef6c00; color: white; padding: 10px 18px; border-radius: 6px; text-decoration: none; font-weight: bold;\">Ver caso completo<\/a>\n  <\/div>\n\n  <!-- CASO No.4 -->\n  <div style=\"background-color: #ffebee; border-left: 10px solid #c62828; padding: 20px; margin-bottom: 30px; border-radius: 12px;\">\n    <h3 style=\"color: #b71c1c; font-size: 22px; font-weight: bold;\">Caso 4: Crecimiento y Especializaci\u00f3n Profesional<\/h3>\n    <p><strong>Transformaci\u00f3n Profesional en Seguridad y Salud en el Trabajo (SST) \u2013 Yanner Augusto Ju\u00e1rez Catal\u00e1n.<\/strong><\/p>\n    <a href=\"\/en\/caso-4-yanner-augusto-juarez-catalan\/\" style=\"background-color: #c62828; color: white; padding: 10px 18px; border-radius: 6px; text-decoration: none; font-weight: bold;\">Ver caso completo<\/a>\n  <\/div>\n\n  <!-- CASO No.5 -->\n  <div style=\"background-color: #ede7f6; border-left: 10px solid #6a1b9a; padding: 20px; margin-bottom: 30px; border-radius: 12px;\">\n    <h3 style=\"color: #4a148c; font-size: 22px; font-weight: bold;\">Caso 5: Salud Ocupacional In-situ<\/h3>\n    <p><strong>Optimizaci\u00f3n de la Salud Ocupacional y el Cumplimiento Normativo en Instalaciones Electromec\u00e1nicas de Guatemala, S.A (IEGSA).<\/strong><\/p>\n    <a href=\"\/en\/caso-de-exito-salud-ocupacional-in-situ-en-iegsa-cumplimiento-y-eficiencia-optimizada\/\" style=\"background-color: #6a1b9a; color: white; padding: 10px 18px; border-radius: 6px; text-decoration: none; font-weight: bold;\">Ver caso completo<\/a>\n  <\/div>\n\n<\/div>\n\n  <!-- CASO 6: PURATOS - FUNCIONAL Y SIM\u00c9TRICO -->\n  <div style=\"background-color: #f5f5f5; border-left: 12px solid #424242; border-top-left-radius: 16px; border-bottom-left-radius: 16px; padding:   20px 25px; margin-bottom: 30px;\">\n  <h3 style=\"color: #424242; margin-top: 0; margin-bottom: 10px; font-size: 1.4em;\">\n    Caso 6: Cumplimiento Normativo de Salud y Seguridad Ocupacional (SSO)\n  <\/h3>\n  <p style=\"color: #2c2c2c; font-weight: bold; margin-bottom: 20px;\">\n    Puratos de Guatemala S.A. Impulsa su Crecimiento al Asegurar Cumplimiento en Salud y Seguridad Ocupacional\n  <\/p>\n  <a href=\"https:\/\/scisolucionesintegralesgt.com\/en\/caso-6-cumplimiento-normativo-de-salud-y-seguridad-ocupacional-sso\/\"\n     style=\"display: inline-block; background-color: #424242; color: #fff; font-weight: bold; padding: 10px 22px; text-decoration: none; border-radius: 6px;\">\n     Ver caso completo\n  <\/a>\n<\/div>","protected":false},"excerpt":{"rendered":"<p>Caso No. 1: Mejora de la Excelencia Operativa Fortaleciendo la Gesti\u00f3n Operativa de Instalaciones Electromec\u00e1nicas, S.A. (IEGSA) con Est\u00e1ndares ISO: Un Impacto Real. Ver caso completo Caso 2: Transformaci\u00f3n de Calidad: De Est\u00e1ndares a un Sistema Integrado Consolidando la Visi\u00f3n de Calidad de Hospital Privado VALREV. Ver caso completo Caso 3: Optimizaci\u00f3n de Competencias del [&hellip;]<\/p>","protected":false},"author":1,"featured_media":0,"parent":0,"menu_order":0,"comment_status":"closed","ping_status":"closed","template":"","meta":{"footnotes":""},"class_list":["post-796","page","type-page","status-publish","hentry"],"blocksy_meta":[],"_links":{"self":[{"href":"https:\/\/scisolucionesintegralesgt.com\/en\/wp-json\/wp\/v2\/pages\/796","targetHints":{"allow":["GET"]}}],"collection":[{"href":"https:\/\/scisolucionesintegralesgt.com\/en\/wp-json\/wp\/v2\/pages"}],"about":[{"href":"https:\/\/scisolucionesintegralesgt.com\/en\/wp-json\/wp\/v2\/types\/page"}],"author":[{"embeddable":true,"href":"https:\/\/scisolucionesintegralesgt.com\/en\/wp-json\/wp\/v2\/users\/1"}],"replies":[{"embeddable":true,"href":"https:\/\/scisolucionesintegralesgt.com\/en\/wp-json\/wp\/v2\/comments?post=796"}],"version-history":[{"count":37,"href":"https:\/\/scisolucionesintegralesgt.com\/en\/wp-json\/wp\/v2\/pages\/796\/revisions"}],"predecessor-version":[{"id":1050,"href":"https:\/\/scisolucionesintegralesgt.com\/en\/wp-json\/wp\/v2\/pages\/796\/revisions\/1050"}],"wp:attachment":[{"href":"https:\/\/scisolucionesintegralesgt.com\/en\/wp-json\/wp\/v2\/media?parent=796"}],"curies":[{"name":"wp","href":"https:\/\/api.w.org\/{rel}","templated":true}]}}