{"id":688,"date":"2025-06-24T13:59:58","date_gmt":"2025-06-24T13:59:58","guid":{"rendered":"https:\/\/scisolucionesintegralesgt.com\/?page_id=688"},"modified":"2025-06-24T21:33:00","modified_gmt":"2025-06-24T21:33:00","slug":"servicios-integrales-de-salud-ocupacional-tu-aliado-en-cumplimiento-y-bienestar-laboral","status":"publish","type":"page","link":"https:\/\/scisolucionesintegralesgt.com\/en\/servicios-integrales-de-salud-ocupacional-tu-aliado-en-cumplimiento-y-bienestar-laboral\/","title":{"rendered":"Integral Occupational Health Services: Your Ally in Labor Compliance and Wellness"},"content":{"rendered":"<h5 class=\"wp-block-heading\">\u00bfPor qu\u00e9 implementar Vigilancia M\u00e9dica Ocupacional?<\/h5>\n\n\n\n<p>Seg\u00fan el <strong>Acuerdo Gubernativo 229-2014 y su reforma 57-2022<\/strong>, toda empresa debe implementar acciones de prevenci\u00f3n m\u00e9dica en funci\u00f3n de los <strong>riesgos ocupacionales<\/strong>, con el fin de reducir enfermedades profesionales, accidentes laborales y proteger el bienestar del trabajador.<\/p>\n\n\n\n<p>SCI Consulting and Training, ofrecemos <strong>Servicios de Salud Ocupacional<\/strong> con un enfoque integral en la <strong>Vigilancia M\u00e9dica Ocupacional<\/strong>. Ofrecemos un servicio profesional que <strong>asegura el cumplimiento legal<\/strong> y <strong>fortalece la gesti\u00f3n preventiva en tu empresa<\/strong>.<\/p>\n\n\n\n<p>Nuestros servicios se organizan en los <strong>dos niveles de atenci\u00f3n<\/strong> definidos por la legislaci\u00f3n:<\/p>\n\n\n\n<h5 class=\"wp-block-heading\"><strong>Primer Nivel de Atenci\u00f3n: Fomento de la Cultura Preventiva<\/strong><\/h5>\n\n\n\n<p>Este nivel se centra en la prevenci\u00f3n primaria y la educaci\u00f3n, siendo fundamental para la <strong>promoci\u00f3n de un entorno laboral seguro<\/strong>. Incluye:<\/p>\n\n\n\n<ul class=\"wp-block-list\">\n<li><strong>Promoci\u00f3n de la Salud:<\/strong> Iniciativas y campa\u00f1as para fomentar h\u00e1bitos saludables.<\/li>\n\n\n\n<li><strong>Divulgaci\u00f3n Preventiva:<\/strong> Difusi\u00f3n de informaci\u00f3n crucial sobre riesgos y medidas de seguridad.<\/li>\n\n\n\n<li><strong>Capacitaci\u00f3n Continua:<\/strong> Programas de formaci\u00f3n para dotar a los trabajadores de conocimientos en salud y seguridad.<\/li>\n\n\n\n<li><strong>Primeros Auxilios:<\/strong> Establecimiento y manejo de protocolos de atenci\u00f3n inmediata en caso de emergencias.<\/li>\n\n\n\n<li><strong>Registro de Accidentalidad:<\/strong> Documentaci\u00f3n y an\u00e1lisis de incidentes para identificar patrones y prevenir futuros eventos.<\/li>\n<\/ul>\n\n\n\n<hr class=\"wp-block-separator has-alpha-channel-opacity\"\/>\n\n\n\n<h5 class=\"wp-block-heading\"><strong>Segundo Nivel de Atenci\u00f3n: Especializaci\u00f3n M\u00e9dica Ocupacional<\/strong> <\/h5>\n\n\n\n<p>Este nivel es realizado por <strong>m\u00e9dicos competentes en la materia<\/strong> y aborda aspectos m\u00e1s profundos de la salud laboral, incluyendo:<\/p>\n\n\n\n<ul class=\"wp-block-list\">\n<li><strong>Historia Cl\u00ednica Ocupacional Exhaustiva:<\/strong>\n<ul class=\"wp-block-list\">\n<li><strong>Examen Pre-empleo:<\/strong> Evaluaciones iniciales para conocer el estado de salud del nuevo personal.<\/li>\n\n\n\n<li><strong>Vigilancia M\u00e9dica Continua:<\/strong> Seguimiento peri\u00f3dico de la salud de los trabajadores en relaci\u00f3n con sus puestos.<\/li>\n\n\n\n<li><strong>Vigilancia Epidemiol\u00f3gica:<\/strong> Monitoreo y an\u00e1lisis de la salud colectiva para identificar riesgos y enfermedades laborales.<\/li>\n\n\n\n<li><strong>Diagn\u00f3stico Preciso:<\/strong> Identificaci\u00f3n y abordaje de enfermedades o condiciones relacionadas con el trabajo.<\/li>\n<\/ul>\n<\/li>\n\n\n\n<li><strong>Gesti\u00f3n de Reducci\u00f3n de Exposici\u00f3n:<\/strong> Implementaci\u00f3n de estrategias para minimizar el tiempo de contacto del trabajador con factores de riesgo espec\u00edficos.<\/li>\n\n\n\n<li><strong>Gesti\u00f3n de Reubicaci\u00f3n del Trabajador:<\/strong> Asesor\u00eda y acompa\u00f1amiento para la reubicaci\u00f3n de personal tras un accidente o diagn\u00f3stico m\u00e9dico, siempre <strong>respetando sus derechos laborales<\/strong> y capacidades residuales.<\/li>\n<\/ul>\n\n\n\n<p>En SCI Consulting and Training, estamos comprometidos con la excelencia en salud ocupacional,<strong> ayudando a tu empresa a construir un futuro m\u00e1s seguro y productivo<\/strong>.<\/p>\n\n\n\n<div style=\"margin-top: 20px;\">\n  <p style=\"margin-bottom: 10px;\">\ud83d\udcf2 Solicita tus Servicios de Salud Ocupacional<\/p>\n  <div style=\"display: flex; gap: 15px; flex-wrap: wrap; align-items: center;\">\n    <a href=\"https:\/\/wa.me\/50247174184?text=Hola%2C%20estoy%20interesado%20en%20los%20Servicios%20de%20Salud%20Ocupacional.%20%C2%BFPodr%C3%ADan%20darme%20m%C3%A1s%20informaci%C3%B3n%3F\" target=\"_blank\" style=\"background: #25D366; color: #fff; padding: 10px 20px; border-radius: 5px; text-decoration: none; display: flex; align-items: center; gap: 10px;\" rel=\"noopener\">\n       <img loading=\"lazy\" decoding=\"async\" src=\"https:\/\/upload.wikimedia.org\/wikipedia\/commons\/6\/6b\/WhatsApp.svg\" alt=\"WhatsApp\" width=\"20\" height=\"20\">\n       Request it by WhatsApp\n    <\/a>\n    <a href=\"mailto:gerencia@scisolucionesintegralesgt.com\" \n       style=\"background: #333; color: #fff; padding: 10px 20px; border-radius: 5px; text-decoration: none;\">\n       \ud83d\udce7 Write to us by mail\n    <\/a>\n  <\/div>\n<\/div>","protected":false},"excerpt":{"rendered":"<p>\u00bfPor qu\u00e9 implementar Vigilancia M\u00e9dica Ocupacional? Seg\u00fan el Acuerdo Gubernativo 229-2014 y su reforma 57-2022, toda empresa debe implementar acciones de prevenci\u00f3n m\u00e9dica en funci\u00f3n de los riesgos ocupacionales, con el fin de reducir enfermedades profesionales, accidentes laborales y proteger el bienestar del trabajador. SCI Consulting and Training, ofrecemos Servicios de Salud Ocupacional con un [&hellip;]<\/p>","protected":false},"author":1,"featured_media":0,"parent":0,"menu_order":0,"comment_status":"closed","ping_status":"closed","template":"","meta":{"footnotes":""},"class_list":["post-688","page","type-page","status-publish","hentry"],"blocksy_meta":[],"_links":{"self":[{"href":"https:\/\/scisolucionesintegralesgt.com\/en\/wp-json\/wp\/v2\/pages\/688","targetHints":{"allow":["GET"]}}],"collection":[{"href":"https:\/\/scisolucionesintegralesgt.com\/en\/wp-json\/wp\/v2\/pages"}],"about":[{"href":"https:\/\/scisolucionesintegralesgt.com\/en\/wp-json\/wp\/v2\/types\/page"}],"author":[{"embeddable":true,"href":"https:\/\/scisolucionesintegralesgt.com\/en\/wp-json\/wp\/v2\/users\/1"}],"replies":[{"embeddable":true,"href":"https:\/\/scisolucionesintegralesgt.com\/en\/wp-json\/wp\/v2\/comments?post=688"}],"version-history":[{"count":7,"href":"https:\/\/scisolucionesintegralesgt.com\/en\/wp-json\/wp\/v2\/pages\/688\/revisions"}],"predecessor-version":[{"id":750,"href":"https:\/\/scisolucionesintegralesgt.com\/en\/wp-json\/wp\/v2\/pages\/688\/revisions\/750"}],"wp:attachment":[{"href":"https:\/\/scisolucionesintegralesgt.com\/en\/wp-json\/wp\/v2\/media?parent=688"}],"curies":[{"name":"wp","href":"https:\/\/api.w.org\/{rel}","templated":true}]}}