{"id":585,"date":"2025-06-23T20:33:39","date_gmt":"2025-06-23T20:33:39","guid":{"rendered":"https:\/\/scisolucionesintegralesgt.com\/?page_id=585"},"modified":"2025-06-23T20:38:36","modified_gmt":"2025-06-23T20:38:36","slug":"listado-de-cursos-ambientales","status":"publish","type":"page","link":"https:\/\/scisolucionesintegralesgt.com\/en\/listado-de-cursos-ambientales\/","title":{"rendered":"Listado de cursos Ambientales"},"content":{"rendered":"<div data-wp-interactive=\"core\/file\" class=\"wp-block-file\"><object data-wp-bind--hidden=\"!state.hasPdfPreview\" hidden class=\"wp-block-file__embed\" data=\"https:\/\/scisolucionesintegralesgt.com\/wp-content\/uploads\/2025\/06\/Programa-de-Formacion-Capacitacion-y-Sensibilizacion-Ambiental-SCI-Consulting-and-Training.pdf\" type=\"application\/pdf\" style=\"width:100%;height:600px\" aria-label=\"Embed of Programa de Formaci\u00f3n, Capacitaci\u00f3n y Sensibilizaci\u00f3n Ambiental - SCI Consulting and Training.\"><\/object><a id=\"wp-block-file--media-2998dac3-dbd4-415b-86cc-94fd933ae68f\" href=\"https:\/\/scisolucionesintegralesgt.com\/wp-content\/uploads\/2025\/06\/Programa-de-Formacion-Capacitacion-y-Sensibilizacion-Ambiental-SCI-Consulting-and-Training.pdf\">Programa de Formaci\u00f3n, Capacitaci\u00f3n y Sensibilizaci\u00f3n Ambiental &#8211; SCI Consulting and Training<\/a><a href=\"https:\/\/scisolucionesintegralesgt.com\/wp-content\/uploads\/2025\/06\/Programa-de-Formacion-Capacitacion-y-Sensibilizacion-Ambiental-SCI-Consulting-and-Training.pdf\" class=\"wp-block-file__button wp-element-button\" download aria-describedby=\"wp-block-file--media-2998dac3-dbd4-415b-86cc-94fd933ae68f\">Download<\/a><\/div>","protected":false},"excerpt":{"rendered":"","protected":false},"author":1,"featured_media":0,"parent":0,"menu_order":0,"comment_status":"closed","ping_status":"closed","template":"","meta":{"footnotes":""},"class_list":["post-585","page","type-page","status-publish","hentry"],"blocksy_meta":[],"_links":{"self":[{"href":"https:\/\/scisolucionesintegralesgt.com\/en\/wp-json\/wp\/v2\/pages\/585","targetHints":{"allow":["GET"]}}],"collection":[{"href":"https:\/\/scisolucionesintegralesgt.com\/en\/wp-json\/wp\/v2\/pages"}],"about":[{"href":"https:\/\/scisolucionesintegralesgt.com\/en\/wp-json\/wp\/v2\/types\/page"}],"author":[{"embeddable":true,"href":"https:\/\/scisolucionesintegralesgt.com\/en\/wp-json\/wp\/v2\/users\/1"}],"replies":[{"embeddable":true,"href":"https:\/\/scisolucionesintegralesgt.com\/en\/wp-json\/wp\/v2\/comments?post=585"}],"version-history":[{"count":2,"href":"https:\/\/scisolucionesintegralesgt.com\/en\/wp-json\/wp\/v2\/pages\/585\/revisions"}],"predecessor-version":[{"id":589,"href":"https:\/\/scisolucionesintegralesgt.com\/en\/wp-json\/wp\/v2\/pages\/585\/revisions\/589"}],"wp:attachment":[{"href":"https:\/\/scisolucionesintegralesgt.com\/en\/wp-json\/wp\/v2\/media?parent=585"}],"curies":[{"name":"wp","href":"https:\/\/api.w.org\/{rel}","templated":true}]}}