{"id":439,"date":"2025-06-19T22:16:21","date_gmt":"2025-06-19T22:16:21","guid":{"rendered":"https:\/\/scisolucionesintegralesgt.com\/?page_id=439"},"modified":"2025-07-01T01:08:38","modified_gmt":"2025-07-01T01:08:38","slug":"aviso-legal-y-politica-de-cookies","status":"publish","type":"page","link":"https:\/\/scisolucionesintegralesgt.com\/en\/aviso-legal-y-politica-de-cookies\/","title":{"rendered":"Legal Notice and Cookies Policy"},"content":{"rendered":"<h3 class=\"wp-block-heading\">1. Identificaci\u00f3n del Responsable<\/h3>\n\n\n\n<p>En cumplimiento con la legislaci\u00f3n vigente, se informa que este sitio web es gestionado por:<\/p>\n\n\n\n<ul class=\"wp-block-list\">\n<li><strong>Nombre comercial:<\/strong>&nbsp;SCI Consulting and Training<\/li>\n\n\n\n<li><strong>Correo electr\u00f3nico:<\/strong>&nbsp;gerencia@scisolucionesintegralesgt.com<\/li>\n\n\n\n<li><strong>Tel\u00e9fono:<\/strong>&nbsp;+502 4717-4184<\/li>\n\n\n\n<li><strong>Sede:<\/strong>&nbsp;Guatemala, C.A. (atenci\u00f3n nacional)<\/li>\n<\/ul>\n\n\n\n<h3 class=\"wp-block-heading\">2. Objeto<\/h3>\n\n\n\n<p>El presente Aviso Legal regula el uso del sitio web https:\/\/scisolucionesintegralesgt.com\/, que pone a disposici\u00f3n de los usuarios informaci\u00f3n sobre sus servicios de consultor\u00eda, formaci\u00f3n t\u00e9cnica y asesor\u00eda especializada.<\/p>\n\n\n\n<h3 class=\"wp-block-heading\">3. Propiedad Intelectual e Industrial<\/h3>\n\n\n\n<p>Todos los contenidos del sitio web, incluyendo textos, im\u00e1genes, logotipos, gr\u00e1ficos, archivos y dise\u00f1o, son propiedad de SCI Consulting and Training o de terceros autorizados, y se encuentran protegidos por las leyes de propiedad intelectual e industrial.<\/p>\n\n\n\n<p>Queda prohibida su reproducci\u00f3n, distribuci\u00f3n, comunicaci\u00f3n p\u00fablica o transformaci\u00f3n sin la autorizaci\u00f3n expresa del titular.<\/p>\n\n\n\n<h3 class=\"wp-block-heading\">4. Protecci\u00f3n de Datos Personales<\/h3>\n\n\n\n<p>SCI Consulting and Training garantiza el cumplimiento de la normativa aplicable en materia de protecci\u00f3n de datos personales.<\/p>\n\n\n\n<p>Los datos facilitados por los usuarios (correo electr\u00f3nico, nombre y tel\u00e9fono) ser\u00e1n tratados \u00fanicamente para gestionar consultas, solicitudes de servicios y comunicaciones, siempre bajo estricta confidencialidad y sin ser cedidos a terceros.<\/p>\n\n\n\n<h3 class=\"wp-block-heading\">5. Uso de Cookies<\/h3>\n\n\n\n<p>Este sitio web utiliza cookies t\u00e9cnicas necesarias para su funcionamiento y cookies de terceros (como Google Analytics) para an\u00e1lisis estad\u00edstico. Al navegar por el sitio, el usuario acepta su uso.<\/p>\n\n\n\n<p>Puede configurar su navegador para rechazarlas, aunque esto podr\u00eda afectar el funcionamiento de algunas secciones del sitio.<\/p>\n\n\n\n<h3 class=\"wp-block-heading\">6. Responsabilidades<\/h3>\n\n\n\n<p>SCI Consulting and Training no se hace responsable del mal uso del contenido del sitio, ni de posibles da\u00f1os derivados de su acceso o falta de disponibilidad temporal.<\/p>\n\n\n\n<h3 class=\"wp-block-heading\">7. Enlaces<\/h3>\n\n\n\n<p>Este sitio web puede contener enlaces a sitios externos. SCI Consulting and Training no se responsabiliza por los contenidos ni pol\u00edticas de dichos sitios.<\/p>\n\n\n\n<h3 class=\"wp-block-heading\">8. Legislaci\u00f3n Aplicable<\/h3>\n\n\n\n<p>La relaci\u00f3n entre SCI Consulting and Training y el usuario se rige por la legislaci\u00f3n de la Rep\u00fablica de Guatemala.<\/p>","protected":false},"excerpt":{"rendered":"<p>1. Identificaci\u00f3n del Responsable En cumplimiento con la legislaci\u00f3n vigente, se informa que este sitio web es gestionado por: 2. Objeto El presente Aviso Legal regula el uso del sitio web https:\/\/scisolucionesintegralesgt.com\/, que pone a disposici\u00f3n de los usuarios informaci\u00f3n sobre sus servicios de consultor\u00eda, formaci\u00f3n t\u00e9cnica y asesor\u00eda especializada. 3. Propiedad Intelectual e Industrial [&hellip;]<\/p>","protected":false},"author":1,"featured_media":0,"parent":0,"menu_order":0,"comment_status":"closed","ping_status":"closed","template":"","meta":{"footnotes":""},"class_list":["post-439","page","type-page","status-publish","hentry"],"blocksy_meta":[],"_links":{"self":[{"href":"https:\/\/scisolucionesintegralesgt.com\/en\/wp-json\/wp\/v2\/pages\/439","targetHints":{"allow":["GET"]}}],"collection":[{"href":"https:\/\/scisolucionesintegralesgt.com\/en\/wp-json\/wp\/v2\/pages"}],"about":[{"href":"https:\/\/scisolucionesintegralesgt.com\/en\/wp-json\/wp\/v2\/types\/page"}],"author":[{"embeddable":true,"href":"https:\/\/scisolucionesintegralesgt.com\/en\/wp-json\/wp\/v2\/users\/1"}],"replies":[{"embeddable":true,"href":"https:\/\/scisolucionesintegralesgt.com\/en\/wp-json\/wp\/v2\/comments?post=439"}],"version-history":[{"count":4,"href":"https:\/\/scisolucionesintegralesgt.com\/en\/wp-json\/wp\/v2\/pages\/439\/revisions"}],"predecessor-version":[{"id":1016,"href":"https:\/\/scisolucionesintegralesgt.com\/en\/wp-json\/wp\/v2\/pages\/439\/revisions\/1016"}],"wp:attachment":[{"href":"https:\/\/scisolucionesintegralesgt.com\/en\/wp-json\/wp\/v2\/media?parent=439"}],"curies":[{"name":"wp","href":"https:\/\/api.w.org\/{rel}","templated":true}]}}