{"id":277,"date":"2025-06-19T01:59:27","date_gmt":"2025-06-19T01:59:27","guid":{"rendered":"https:\/\/scisolucionesintegralesgt.com\/?page_id=277"},"modified":"2026-01-13T04:50:47","modified_gmt":"2026-01-13T04:50:47","slug":"mision","status":"publish","type":"page","link":"https:\/\/scisolucionesintegralesgt.com\/en\/mision\/","title":{"rendered":"Mission"},"content":{"rendered":"<p><strong>Impulsar la transformaci\u00f3n de las empresas<\/strong>, formando personas, <strong>fortaleciendo sistemas<\/strong> y generando <strong>impacto sostenible<\/strong>, a trav\u00e9s de soluciones integrales en <strong>Occupational Health and Safety<\/strong>, <strong>Medio Ambiente<\/strong> y <strong>Sistemas de Gesti\u00f3n en SST, Calidad y Ambiente<\/strong>, construyendo <strong>relaciones de confianza<\/strong> que promuevan el <strong>crecimiento conjunto<\/strong>, la <strong>cultura preventiva<\/strong> y el <strong>posicionamiento de SCI a nivel nacional<\/strong>.<\/p>\n\n\n\n<p><\/p>","protected":false},"excerpt":{"rendered":"<p>Impulsar la transformaci\u00f3n de las empresas, formando personas, fortaleciendo sistemas y generando impacto sostenible, a trav\u00e9s de soluciones integrales en Salud y Seguridad en el Trabajo, Medio Ambiente y Sistemas de Gesti\u00f3n en SST, Calidad y Ambiente, construyendo relaciones de confianza que promuevan el crecimiento conjunto, la cultura preventiva y el posicionamiento de SCI a [&hellip;]<\/p>","protected":false},"author":1,"featured_media":0,"parent":0,"menu_order":0,"comment_status":"closed","ping_status":"closed","template":"","meta":{"footnotes":""},"class_list":["post-277","page","type-page","status-publish","hentry"],"blocksy_meta":[],"_links":{"self":[{"href":"https:\/\/scisolucionesintegralesgt.com\/en\/wp-json\/wp\/v2\/pages\/277","targetHints":{"allow":["GET"]}}],"collection":[{"href":"https:\/\/scisolucionesintegralesgt.com\/en\/wp-json\/wp\/v2\/pages"}],"about":[{"href":"https:\/\/scisolucionesintegralesgt.com\/en\/wp-json\/wp\/v2\/types\/page"}],"author":[{"embeddable":true,"href":"https:\/\/scisolucionesintegralesgt.com\/en\/wp-json\/wp\/v2\/users\/1"}],"replies":[{"embeddable":true,"href":"https:\/\/scisolucionesintegralesgt.com\/en\/wp-json\/wp\/v2\/comments?post=277"}],"version-history":[{"count":6,"href":"https:\/\/scisolucionesintegralesgt.com\/en\/wp-json\/wp\/v2\/pages\/277\/revisions"}],"predecessor-version":[{"id":1256,"href":"https:\/\/scisolucionesintegralesgt.com\/en\/wp-json\/wp\/v2\/pages\/277\/revisions\/1256"}],"wp:attachment":[{"href":"https:\/\/scisolucionesintegralesgt.com\/en\/wp-json\/wp\/v2\/media?parent=277"}],"curies":[{"name":"wp","href":"https:\/\/api.w.org\/{rel}","templated":true}]}}