{"id":268,"date":"2025-06-19T01:47:13","date_gmt":"2025-06-19T01:47:13","guid":{"rendered":"https:\/\/scisolucionesintegralesgt.com\/?page_id=268"},"modified":"2025-06-19T02:28:17","modified_gmt":"2025-06-19T02:28:17","slug":"valores-organizacionales","status":"publish","type":"page","link":"https:\/\/scisolucionesintegralesgt.com\/en\/valores-organizacionales\/","title":{"rendered":"Organizational Values"},"content":{"rendered":"<p style=\"text-align: justify;\">\n  At SCI Consulting and Training <strong>vivimos y promovemos valores que gu\u00edan cada una de nuestras acciones y relaciones con clientes, aliados y colaboradores<\/strong>. Estos principios reflejan nuestro compromiso con la excelencia, la \u00e9tica profesional y el bienestar com\u00fan:\n<\/p>\n\n<ul style=\"padding-left: 20px;\">\n  <li><strong>Credibilidad:<\/strong> Generamos confianza a trav\u00e9s de resultados s\u00f3lidos y coherencia en lo que decimos y hacemos.<\/li>\n  <li><strong>Servicio:<\/strong> Ponemos las necesidades del cliente en el centro, brindando soluciones t\u00e9cnicas oportunas y efectivas.<\/li>\n  <li><strong>Honestidad:<\/strong> Actuamos con transparencia, \u00e9tica y responsabilidad en cada decisi\u00f3n.<\/li>\n  <li><strong>Puntualidad:<\/strong> Valoramos el tiempo de nuestros clientes, cumpliendo con precisi\u00f3n nuestros compromisos.<\/li>\n  <li><strong>Trabajo en equipo:<\/strong> Fomentamos la colaboraci\u00f3n para lograr objetivos comunes con eficiencia y sinergia.<\/li>\n  <li><strong>Comunicaci\u00f3n:<\/strong> Mantenemos una interacci\u00f3n clara, abierta y respetuosa en todos los niveles.<\/li>\n  <li><strong>Calidez humana:<\/strong> Tratamos a cada persona con cercan\u00eda, empat\u00eda y profesionalismo.<\/li>\n  <li><strong>Respeto:<\/strong> Reconocemos el valor de las personas, las normas y el entorno en el que operamos.<\/li>\n<\/ul>","protected":false},"excerpt":{"rendered":"<p>En SCI Consulting and Training vivimos y promovemos valores que gu\u00edan cada una de nuestras acciones y relaciones con clientes, aliados y colaboradores. Estos principios reflejan nuestro compromiso con la excelencia, la \u00e9tica profesional y el bienestar com\u00fan: Credibilidad: Generamos confianza a trav\u00e9s de resultados s\u00f3lidos y coherencia en lo que decimos y hacemos. Servicio: [&hellip;]<\/p>","protected":false},"author":1,"featured_media":0,"parent":0,"menu_order":0,"comment_status":"closed","ping_status":"closed","template":"","meta":{"footnotes":""},"class_list":["post-268","page","type-page","status-publish","hentry"],"blocksy_meta":[],"_links":{"self":[{"href":"https:\/\/scisolucionesintegralesgt.com\/en\/wp-json\/wp\/v2\/pages\/268","targetHints":{"allow":["GET"]}}],"collection":[{"href":"https:\/\/scisolucionesintegralesgt.com\/en\/wp-json\/wp\/v2\/pages"}],"about":[{"href":"https:\/\/scisolucionesintegralesgt.com\/en\/wp-json\/wp\/v2\/types\/page"}],"author":[{"embeddable":true,"href":"https:\/\/scisolucionesintegralesgt.com\/en\/wp-json\/wp\/v2\/users\/1"}],"replies":[{"embeddable":true,"href":"https:\/\/scisolucionesintegralesgt.com\/en\/wp-json\/wp\/v2\/comments?post=268"}],"version-history":[{"count":5,"href":"https:\/\/scisolucionesintegralesgt.com\/en\/wp-json\/wp\/v2\/pages\/268\/revisions"}],"predecessor-version":[{"id":294,"href":"https:\/\/scisolucionesintegralesgt.com\/en\/wp-json\/wp\/v2\/pages\/268\/revisions\/294"}],"wp:attachment":[{"href":"https:\/\/scisolucionesintegralesgt.com\/en\/wp-json\/wp\/v2\/media?parent=268"}],"curies":[{"name":"wp","href":"https:\/\/api.w.org\/{rel}","templated":true}]}}