{"id":266,"date":"2025-06-19T01:46:56","date_gmt":"2025-06-19T01:46:56","guid":{"rendered":"https:\/\/scisolucionesintegralesgt.com\/?page_id=266"},"modified":"2026-01-13T05:10:28","modified_gmt":"2026-01-13T05:10:28","slug":"politica-de-calidad","status":"publish","type":"page","link":"https:\/\/scisolucionesintegralesgt.com\/en\/politica-de-calidad\/","title":{"rendered":"Quality Policy"},"content":{"rendered":"<p>En <strong>SCI Consulting and Training<\/strong> estamos comprometidos con impulsar la <strong>transformaci\u00f3n de las empresas<\/strong> mediante soluciones integrales de <strong>consultor\u00eda, asesor\u00eda y formaci\u00f3n t\u00e9cnica<\/strong> en <strong>Occupational Health and Safety<\/strong>, <strong>Medio Ambiente<\/strong> y <strong>Sistemas de Gesti\u00f3n en SST, Calidad y Ambiente<\/strong>.<\/p>\n\n\n\n<p>Nos comprometemos a:<\/p>\n\n\n\n<p>\u2013 <strong>Formar personas<\/strong>, desarrollando competencias t\u00e9cnicas y humanas que permitan prevenir riesgos, cumplir la normativa y mejorar el desempe\u00f1o en sus organizaciones.<br>\u2013 <strong>Fortalecer sistemas<\/strong>, acompa\u00f1ando a las empresas en el dise\u00f1o, mejora e implementaci\u00f3n de sus procesos, estructuras y pr\u00e1cticas operativas, asegurando cumplimiento normativo, orden documental, control de riesgos y mejora continua.<br>\u2013 <strong>Transformar empresas<\/strong>, generando entornos con menos accidentes, menos sanciones, mayor eficiencia, mejor cultura preventiva y mayor sostenibilidad.<\/p>\n\n\n\n<p>Trabajamos bajo principios de <strong>profesionalismo<\/strong>, <strong>\u00e9tica<\/strong>, <strong>innovaci\u00f3n<\/strong> y <strong>responsabilidad<\/strong>, construyendo <strong>relaciones de confianza<\/strong> que generen <strong>valor sostenible<\/strong>, <strong>crecimiento conjunto<\/strong> y la <strong>permanencia de SCI en el mercado nacional<\/strong>.<\/p>\n\n\n\n<p><\/p>","protected":false},"excerpt":{"rendered":"<p>En SCI Consulting and Training estamos comprometidos con impulsar la transformaci\u00f3n de las empresas mediante soluciones integrales de consultor\u00eda, asesor\u00eda y formaci\u00f3n t\u00e9cnica en Salud y Seguridad en el Trabajo, Medio Ambiente y Sistemas de Gesti\u00f3n en SST, Calidad y Ambiente. Nos comprometemos a: \u2013 Formar personas, desarrollando competencias t\u00e9cnicas y humanas que permitan prevenir [&hellip;]<\/p>","protected":false},"author":1,"featured_media":0,"parent":0,"menu_order":0,"comment_status":"closed","ping_status":"closed","template":"","meta":{"footnotes":""},"class_list":["post-266","page","type-page","status-publish","hentry"],"blocksy_meta":[],"_links":{"self":[{"href":"https:\/\/scisolucionesintegralesgt.com\/en\/wp-json\/wp\/v2\/pages\/266","targetHints":{"allow":["GET"]}}],"collection":[{"href":"https:\/\/scisolucionesintegralesgt.com\/en\/wp-json\/wp\/v2\/pages"}],"about":[{"href":"https:\/\/scisolucionesintegralesgt.com\/en\/wp-json\/wp\/v2\/types\/page"}],"author":[{"embeddable":true,"href":"https:\/\/scisolucionesintegralesgt.com\/en\/wp-json\/wp\/v2\/users\/1"}],"replies":[{"embeddable":true,"href":"https:\/\/scisolucionesintegralesgt.com\/en\/wp-json\/wp\/v2\/comments?post=266"}],"version-history":[{"count":4,"href":"https:\/\/scisolucionesintegralesgt.com\/en\/wp-json\/wp\/v2\/pages\/266\/revisions"}],"predecessor-version":[{"id":1260,"href":"https:\/\/scisolucionesintegralesgt.com\/en\/wp-json\/wp\/v2\/pages\/266\/revisions\/1260"}],"wp:attachment":[{"href":"https:\/\/scisolucionesintegralesgt.com\/en\/wp-json\/wp\/v2\/media?parent=266"}],"curies":[{"name":"wp","href":"https:\/\/api.w.org\/{rel}","templated":true}]}}