{"id":255,"date":"2025-06-19T01:45:21","date_gmt":"2025-06-19T01:45:21","guid":{"rendered":"https:\/\/scisolucionesintegralesgt.com\/?page_id=255"},"modified":"2025-06-27T22:31:18","modified_gmt":"2025-06-27T22:31:18","slug":"por-que-nosotros","status":"publish","type":"page","link":"https:\/\/scisolucionesintegralesgt.com\/en\/por-que-nosotros\/","title":{"rendered":"Why Us?"},"content":{"rendered":"<p><strong>SCI Consulting and Training<\/strong> reduce riesgos, evita sanciones y mejora la productividad.<\/p>\n<p>La implementaci\u00f3n de nuestros servicios permite disminuir <strong>costos operativos asociados<\/strong> a accidentes laborales, tiempo de inactividad, impactos ambientales y p\u00e9rdida de productividad.<\/p>\n<p>Un entorno de trabajo <strong>seguro y saludable<\/strong>, bien gestionado, reduce tambi\u00e9n los costos por rotaci\u00f3n de personal, incumplimientos legales y da\u00f1os al medio ambiente, generando un <strong>impacto financiero positivo y sostenible<\/strong>.<\/p>\n<p><strong>Cumplimiento normativo<\/strong> que evita sanciones costosas.<\/p>\n<p>Ayudamos a las empresas a cumplir con normativas nacionales e internacionales en materia de salud, seguridad y ambiente, minimizando <strong>riesgos legales, t\u00e9cnicos y operativos<\/strong>.<\/p>\n<p><strong>Experiencia, especializaci\u00f3n y enfoque pr\u00e1ctico:<\/strong><\/p>\n<ul>\n  <li>Ingeniero Industrial con formaci\u00f3n acad\u00e9mica de cuarto nivel.<\/li>\n  <li>Certificado como Auditor L\u00edder en ISO 9001:2015, ISO 14001:2015 e ISO 45001:2018.<\/li>\n  <li>+8 a\u00f1os de experiencia comprobada en consultor\u00eda, implementaci\u00f3n y formaci\u00f3n en Sistemas de Gesti\u00f3n.<\/li>\n  <li>Instructor Senior con trayectoria en capacitaci\u00f3n basada en competencias, enfocado en adultos del entorno t\u00e9cnico y profesional.<\/li>\n<\/ul>\n<p><strong>SCI Consulting and Training:<\/strong> experiencia t\u00e9cnica, compromiso humano y soluciones efectivas adaptadas a tu industria u organizaci\u00f3n.<\/p>","protected":false},"excerpt":{"rendered":"<p>SCI Consulting and Training reduce riesgos, evita sanciones y mejora la productividad. La implementaci\u00f3n de nuestros servicios permite disminuir costos operativos asociados a accidentes laborales, tiempo de inactividad, impactos ambientales y p\u00e9rdida de productividad. Un entorno de trabajo seguro y saludable, bien gestionado, reduce tambi\u00e9n los costos por rotaci\u00f3n de personal, incumplimientos legales y da\u00f1os [&hellip;]<\/p>","protected":false},"author":1,"featured_media":0,"parent":0,"menu_order":0,"comment_status":"closed","ping_status":"closed","template":"","meta":{"footnotes":""},"class_list":["post-255","page","type-page","status-publish","hentry"],"blocksy_meta":[],"_links":{"self":[{"href":"https:\/\/scisolucionesintegralesgt.com\/en\/wp-json\/wp\/v2\/pages\/255","targetHints":{"allow":["GET"]}}],"collection":[{"href":"https:\/\/scisolucionesintegralesgt.com\/en\/wp-json\/wp\/v2\/pages"}],"about":[{"href":"https:\/\/scisolucionesintegralesgt.com\/en\/wp-json\/wp\/v2\/types\/page"}],"author":[{"embeddable":true,"href":"https:\/\/scisolucionesintegralesgt.com\/en\/wp-json\/wp\/v2\/users\/1"}],"replies":[{"embeddable":true,"href":"https:\/\/scisolucionesintegralesgt.com\/en\/wp-json\/wp\/v2\/comments?post=255"}],"version-history":[{"count":9,"href":"https:\/\/scisolucionesintegralesgt.com\/en\/wp-json\/wp\/v2\/pages\/255\/revisions"}],"predecessor-version":[{"id":789,"href":"https:\/\/scisolucionesintegralesgt.com\/en\/wp-json\/wp\/v2\/pages\/255\/revisions\/789"}],"wp:attachment":[{"href":"https:\/\/scisolucionesintegralesgt.com\/en\/wp-json\/wp\/v2\/media?parent=255"}],"curies":[{"name":"wp","href":"https:\/\/api.w.org\/{rel}","templated":true}]}}