{"id":209,"date":"2025-06-18T23:30:41","date_gmt":"2025-06-18T23:30:41","guid":{"rendered":"https:\/\/scisolucionesintegralesgt.com\/?page_id=209"},"modified":"2025-07-21T00:46:54","modified_gmt":"2025-07-21T00:46:54","slug":"servicios-sst","status":"publish","type":"page","link":"https:\/\/scisolucionesintegralesgt.com\/en\/servicios-sst\/","title":{"rendered":"Occupational Health and Safety"},"content":{"rendered":"<p><strong>Creamos entornos laborales seguros, productivos y legalmente conformes.<\/strong><br>Dise\u00f1amos e implementamos estrategias integrales de prevenci\u00f3n, control de riesgos y cumplimiento normativo que protegen a los trabajadores y fortalecen la estabilidad operativa. Nuestra experiencia permite a las empresas reducir accidentes, evitar sanciones y consolidar una cultura de seguridad alineada con ISO 45001:2018 y la legislaci\u00f3n vigente.<\/p>\n\n\n\n<h4 class=\"wp-block-heading\">Programa de Formaci\u00f3n y Capacitaci\u00f3n SG-SST <\/h4>\n\n\n\n<p>Formamos personal competente y consciente para operar en entornos seguros y productivos. <\/p>\n\n\n\n<div class=\"wp-block-buttons is-layout-flex wp-block-buttons-is-layout-flex\">\n<div class=\"wp-block-button\"><a class=\"wp-block-button__link has-background wp-element-button\" href=\"https:\/\/scisolucionesintegralesgt.com\/en\/servicios-de-capacitacion-en-seguridad-y-salud-en-el-trabajo-sst\/\" style=\"background-color:#b4161d\">Accede a servicios de capacitaci\u00f3n<\/a><\/div>\n<\/div>\n\n\n\n<h4 class=\"wp-block-heading\">Formaci\u00f3n y Capacitaci\u00f3n de Brigadas de Emergencia<\/h4>\n\n\n\n<p>Preparamos al personal para actuar con eficacia, salvar vidas, minimizar da\u00f1os y asegurar el cumplimiento legal en situaciones de emergencia.<\/p>\n\n\n\n<div class=\"wp-block-buttons is-layout-flex wp-block-buttons-is-layout-flex\">\n<div class=\"wp-block-button\"><a class=\"wp-block-button__link has-background wp-element-button\" href=\"https:\/\/scisolucionesintegralesgt.com\/en\/formacion-integral-de-brigadas-de-emergencia\/\" style=\"background-color:#b4161d\">Ver contenido de Brigadas de Emergencia<\/a><\/div>\n<\/div>\n\n\n\n<h4 class=\"wp-block-heading\">Programa de Certificaci\u00f3n Profesional en SST<\/h4>\n\n\n\n<p>Impulsa tu desarrollo profesional o fortalece las competencias de tu equipo. Profesionalizamos al personal para que lidere con criterio t\u00e9cnico, act\u00fae con responsabilidad y fortalezca entornos seguros, productivos y sostenibles.<\/p>\n\n\n\n<div class=\"wp-block-buttons is-layout-flex wp-block-buttons-is-layout-flex\">\n<div class=\"wp-block-button\"><a class=\"wp-block-button__link has-background wp-element-button\" href=\"https:\/\/scisolucionesintegralesgt.com\/en\/programa-de-formacion-profesional-certificado-sst\/\" style=\"background-color:#b4161d\">Accede a Programa de Formaci\u00f3n Profesional Certificado SST<\/a><\/div>\n<\/div>\n\n\n\n<h4 class=\"wp-block-heading\">Elaboraci\u00f3n de Planes de Prevenci\u00f3n de Riesgos Laborales y de Plan de Salud y Seguridad Ocupacional<\/h4>\n\n\n\n<p>Dise\u00f1amos planes t\u00e9cnicos claros y viables para cumplir normativas, proteger a tu personal y evitar sanciones. Con nosotros, tu empresa opera con respaldo legal y enfoque preventivo.<\/p>\n\n\n\n<div class=\"wp-block-buttons is-layout-flex wp-block-buttons-is-layout-flex\">\n<div class=\"wp-block-button\"><a class=\"wp-block-button__link has-background wp-element-button\" href=\"https:\/\/scisolucionesintegralesgt.com\/en\/plan-de-salud-y-seguridad-ocupacional\/\" style=\"background-color:#b4161d\">Ver contenido de Planes de Prevenci\u00f3n<\/a><\/div>\n<\/div>\n\n\n\n<h4 class=\"wp-block-heading\">Formaci\u00f3n y Capacitaci\u00f3n de Monitores de Salud y Seguridad Ocupacional<\/h4>\n\n\n\n<p><strong>Cumple con la normativa guatemalteca y fortalece tu Plan de Prevenci\u00f3n.<\/strong> Formamos Monitores en Salud y Seguridad Ocupacional para liderar desde dentro, seg\u00fan lo establece el Plan de Prevenci\u00f3n de Riesgos Laborales y de Salud Ocupacional. Estos l\u00edderes identifican riesgos, motivan al equipo y promueven el cumplimiento continuo de tu cultura preventiva.<\/p>\n\n\n\n<div class=\"wp-block-buttons is-layout-flex wp-block-buttons-is-layout-flex\">\n<div class=\"wp-block-button\"><a class=\"wp-block-button__link has-background wp-element-button\" href=\"https:\/\/scisolucionesintegralesgt.com\/en\/capacitacion-y-acreditacion-de-monitores\/\" style=\"background-color:#b4161d\">Accede a Servicios de Capacitaci\u00f3n<\/a><\/div>\n<\/div>\n\n\n\n<h4 class=\"wp-block-heading\">Servicios de Salud Ocupacional &#8211; Vigilancia M\u00e9dica Ocupacional <\/h4>\n\n\n\n<p><strong>Protege a tu equipo con un enfoque integral: preventivo y correctivo.<\/strong><br>Nuestros servicios de salud ocupacional y vigilancia m\u00e9dica permiten cumplir con la normativa guatemalteca, detectar a tiempo condiciones que afectan la productividad y atender los casos que requieren intervenci\u00f3n m\u00e9dica. Actuar oportunamente mejora el desempe\u00f1o, previene sanciones y protege el bienestar de tu capital humano.<\/p>\n\n\n\n<div style=\"margin-top: 20px;\">\n  <a href=\"https:\/\/scisolucionesintegralesgt.com\/en\/servicios-integrales-de-salud-ocupacional\/\" \n     target=\"_self\" \n     style=\"background: #B4161D; color: #fff; padding: 12px 24px; border-radius: 5px; text-decoration: none; display: inline-block; font-weight: bold;\">\n     Accede a Servicios de Salud Ocupacional\n  <\/a>\n<\/div>","protected":false},"excerpt":{"rendered":"<p>Creamos entornos laborales seguros, productivos y legalmente conformes.Dise\u00f1amos e implementamos estrategias integrales de prevenci\u00f3n, control de riesgos y cumplimiento normativo que protegen a los trabajadores y fortalecen la estabilidad operativa. Nuestra experiencia permite a las empresas reducir accidentes, evitar sanciones y consolidar una cultura de seguridad alineada con ISO 45001:2018 y la legislaci\u00f3n vigente. Programa [&hellip;]<\/p>","protected":false},"author":1,"featured_media":0,"parent":0,"menu_order":0,"comment_status":"closed","ping_status":"closed","template":"","meta":{"footnotes":""},"class_list":["post-209","page","type-page","status-publish","hentry"],"blocksy_meta":[],"_links":{"self":[{"href":"https:\/\/scisolucionesintegralesgt.com\/en\/wp-json\/wp\/v2\/pages\/209","targetHints":{"allow":["GET"]}}],"collection":[{"href":"https:\/\/scisolucionesintegralesgt.com\/en\/wp-json\/wp\/v2\/pages"}],"about":[{"href":"https:\/\/scisolucionesintegralesgt.com\/en\/wp-json\/wp\/v2\/types\/page"}],"author":[{"embeddable":true,"href":"https:\/\/scisolucionesintegralesgt.com\/en\/wp-json\/wp\/v2\/users\/1"}],"replies":[{"embeddable":true,"href":"https:\/\/scisolucionesintegralesgt.com\/en\/wp-json\/wp\/v2\/comments?post=209"}],"version-history":[{"count":58,"href":"https:\/\/scisolucionesintegralesgt.com\/en\/wp-json\/wp\/v2\/pages\/209\/revisions"}],"predecessor-version":[{"id":1114,"href":"https:\/\/scisolucionesintegralesgt.com\/en\/wp-json\/wp\/v2\/pages\/209\/revisions\/1114"}],"wp:attachment":[{"href":"https:\/\/scisolucionesintegralesgt.com\/en\/wp-json\/wp\/v2\/media?parent=209"}],"curies":[{"name":"wp","href":"https:\/\/api.w.org\/{rel}","templated":true}]}}