{"id":187,"date":"2025-06-18T22:28:12","date_gmt":"2025-06-18T22:28:12","guid":{"rendered":"https:\/\/scisolucionesintegralesgt.com\/?page_id=187"},"modified":"2025-06-23T22:01:21","modified_gmt":"2025-06-23T22:01:21","slug":"servicios","status":"publish","type":"page","link":"https:\/\/scisolucionesintegralesgt.com\/en\/servicios\/","title":{"rendered":"Services"},"content":{"rendered":"<p><strong>We provide integral technical solutions, adapted to the needs of the country's productive and strategic sectors.<\/strong><br>We support companies and organizations to comply with current legal regulations and to continuously improve in three key areas:<br><strong>Occupational Health and Safety, Environmental Management and ISO Management Systems<\/strong> (ISO 45001, ISO 14001 and ISO 9001).<\/p>\n\n\n\n<h2 class=\"wp-block-heading\">Occupational Health and Safety<\/h2>\n\n\n\n<p>We create safe work environments, prevent accidents, strengthen the preventive culture and reduce penalties for legal non-compliance. <\/p>\n\n\n\n<div style=\"margin-top: 20px;\"> \n  <a href=\"https:\/\/scisolucionesintegralesgt.com\/en\/servicios-sst\/\"\n     style=\"background-color: #b30000; color: white; padding: 12px 24px; text-decoration: none; border-radius: 6px; font-weight: bold; display: block; text-align: center;\">\n    View Occupational Health and Safety content\n  <\/a>\n<\/div>\n\n\n\n<h2 class=\"wp-block-heading\">Environmental Management<\/h2>\n\n\n\n<p>We promote environmental compliance and sustainability in projects, industries and operations. <\/p>\n\n\n\n<div style=\"margin-top: 20px;\">\n  <a href=\"https:\/\/scisolucionesintegralesgt.com\/en\/servicios-ambiental\/\"\n     style=\"background-color: green; color: white; padding: 12px 24px; text-decoration: none; border-radius: 6px; font-weight: bold; display: block; text-align: center;\">\n    View Environmental Management content\n  <\/a>\n<\/div>\n\n\n\n<h2 class=\"wp-block-heading\">ISO Management Systems (ISO 45001, ISO 9001, ISO 14001)<\/h2>\n\n\n\n<p>We integrate international standards to strengthen processes, meet legal requirements and achieve successful certifications. Our experience facilitates the practical and sustainable implementation of ISO systems in organizations of all sectors.<\/p>\n\n\n\n<div style=\"margin-top: 20px;\">\n  <a href=\"https:\/\/scisolucionesintegralesgt.com\/en\/servicios-sistemas-gestion-iso\/\"\n     style=\"background-color: #003366; color: white; padding: 12px 24px; text-decoration: none; border-radius: 6px; font-weight: bold; display: block; text-align: center;\">\n    View ISO Management Systems content\n  <\/a>\n<\/div>\n\n\n\n<p><\/p>","protected":false},"excerpt":{"rendered":"<p>Brindamos soluciones t\u00e9cnicas integrales, adaptadas a las necesidades de los sectores productivos y estrat\u00e9gicos del pa\u00eds.Apoyamos a empresas y organizaciones a cumplir con la normativa legal vigente y a mejorar de forma continua en tres \u00e1reas clave:Seguridad y Salud en el Trabajo, Gesti\u00f3n Ambiental y Sistemas de Gesti\u00f3n ISO (ISO 45001, ISO 14001 e ISO [&hellip;]<\/p>","protected":false},"author":1,"featured_media":0,"parent":0,"menu_order":0,"comment_status":"closed","ping_status":"closed","template":"","meta":{"footnotes":""},"class_list":["post-187","page","type-page","status-publish","hentry"],"blocksy_meta":[],"_links":{"self":[{"href":"https:\/\/scisolucionesintegralesgt.com\/en\/wp-json\/wp\/v2\/pages\/187","targetHints":{"allow":["GET"]}}],"collection":[{"href":"https:\/\/scisolucionesintegralesgt.com\/en\/wp-json\/wp\/v2\/pages"}],"about":[{"href":"https:\/\/scisolucionesintegralesgt.com\/en\/wp-json\/wp\/v2\/types\/page"}],"author":[{"embeddable":true,"href":"https:\/\/scisolucionesintegralesgt.com\/en\/wp-json\/wp\/v2\/users\/1"}],"replies":[{"embeddable":true,"href":"https:\/\/scisolucionesintegralesgt.com\/en\/wp-json\/wp\/v2\/comments?post=187"}],"version-history":[{"count":47,"href":"https:\/\/scisolucionesintegralesgt.com\/en\/wp-json\/wp\/v2\/pages\/187\/revisions"}],"predecessor-version":[{"id":607,"href":"https:\/\/scisolucionesintegralesgt.com\/en\/wp-json\/wp\/v2\/pages\/187\/revisions\/607"}],"wp:attachment":[{"href":"https:\/\/scisolucionesintegralesgt.com\/en\/wp-json\/wp\/v2\/media?parent=187"}],"curies":[{"name":"wp","href":"https:\/\/api.w.org\/{rel}","templated":true}]}}