{"id":122,"date":"2025-06-17T18:28:00","date_gmt":"2025-06-17T18:28:00","guid":{"rendered":"https:\/\/scisolucionesintegralesgt.com\/?page_id=122"},"modified":"2025-07-01T01:01:37","modified_gmt":"2025-07-01T01:01:37","slug":"nosotros","status":"publish","type":"page","link":"https:\/\/scisolucionesintegralesgt.com\/en\/nosotros\/","title":{"rendered":"We"},"content":{"rendered":"<h4 class=\"wp-block-heading\"><strong>\u00bfQui\u00e9nes Somos?<\/strong><\/h4>\n\n\n\n<p>En SCI Consulting and Training, <strong>no solo cumplimos requisitos: los transformamos en herramientas de competitividad.<\/strong><br>Somos una firma guatemalteca de consultor\u00eda, formaci\u00f3n y acompa\u00f1amiento t\u00e9cnico con m\u00e1s de 8 a\u00f1os de experiencia especializada en <strong>Seguridad y Salud en el Trabajo (SST), Gesti\u00f3n Ambiental y Sistemas de Gesti\u00f3n ISO (9001, 14001, 45001, 19011)<\/strong>.<br>Nuestro equipo est\u00e1 conformado por profesionales certificados, consultores acreditados e instructores senior capaces de responder a los m\u00e1s altos est\u00e1ndares nacionales e internacionales.<\/p>\n\n\n\n<h4 class=\"wp-block-heading\"><strong>Nuestra Propuesta de Valor<\/strong><\/h4>\n\n\n\n<p>Trabajamos bajo una visi\u00f3n clara: <strong>evitar accidentes, prevenir sanciones, y generar entornos laborales m\u00e1s productivos, seguros y sostenibles<\/strong>.<br>Acompa\u00f1amos a nuestros clientes con soluciones t\u00e9cnicas adaptadas al sector el\u00e9ctrico, manufactura, salud y servicios, a trav\u00e9s de:<\/p>\n\n\n\n<ul class=\"wp-block-list\">\n<li>Consultor\u00edas t\u00e9cnicas orientadas a resultados.<\/li>\n\n\n\n<li>Diagn\u00f3sticos normativos y auditor\u00edas profesionales.<\/li>\n\n\n\n<li>Formaci\u00f3n estructurada con impacto medible.<\/li>\n\n\n\n<li>Sistemas integrados que mejoran la eficiencia operativa y reducen costos.<\/li>\n<\/ul>\n\n\n\n<p>\u00bfEl resultado? <strong>Menos incidentes, m\u00e1s cumplimiento y mayor confianza institucional.<\/strong><\/p>\n\n\n\n<h4 class=\"wp-block-heading\"><strong>Comprometidos con tu Empresa<\/strong><\/h4>\n\n\n\n<p>Entendemos que detr\u00e1s de cada empresa\/organizaci\u00f3n, hay personas, proyectos y reputaci\u00f3n. Por eso, actuamos como <strong>socios estrat\u00e9gicos<\/strong> que:<\/p>\n\n\n\n<ul class=\"wp-block-list\">\n<li>Analizan t\u00e9cnicamente tu realidad operativa.<\/li>\n\n\n\n<li>Proponen soluciones viables alineadas a normativas vigentes.<\/li>\n\n\n\n<li>Implementan mejoras sostenibles.<\/li>\n\n\n\n<li>Generan confianza y credibilidad ante clientes, auditores y entes reguladores.<\/li>\n<\/ul>\n\n\n\n<p>Nuestra experiencia, combinada con un enfoque humano, t\u00e9cnico y \u00e9tico, nos convierte en un aliado que aporta valor tangible.<\/p>\n\n\n\n<h4 class=\"wp-block-heading\">Explora Nuestra Esencia<\/h4>\n\n\n\n<p>Conoce m\u00e1s a fondo <strong>lo que sustenta nuestro actuar en cada proyecto<\/strong>:<\/p>\n\n\n\n<p>Un resumen de lo que nos hace distintos: <strong>Why Us?<\/strong><\/p>\n\n\n\n<p>La base t\u00e9cnica y legal que respalda nuestra autoridad: <strong>Professional Accreditations<\/strong><\/p>\n\n\n\n<p>Nuestro prop\u00f3sito: <strong>Mission<\/strong><\/p>\n\n\n\n<p>Lo que proyectamos a futuro: <strong>Vision<\/strong><\/p>\n\n\n\n<p>El marco que gu\u00eda nuestro compromiso con la mejora continua: <strong>Quality Policy<\/strong><\/p>\n\n\n\n<p>Los principios que garantizan \u00e9tica, responsabilidad y excelencia: <strong>Organizational Values<\/strong><\/p>\n\n\n\n<p><\/p>","protected":false},"excerpt":{"rendered":"<p>\u00bfQui\u00e9nes Somos? En SCI Consulting and Training, no solo cumplimos requisitos: los transformamos en herramientas de competitividad.Somos una firma guatemalteca de consultor\u00eda, formaci\u00f3n y acompa\u00f1amiento t\u00e9cnico con m\u00e1s de 8 a\u00f1os de experiencia especializada en Seguridad y Salud en el Trabajo (SST), Gesti\u00f3n Ambiental y Sistemas de Gesti\u00f3n ISO (9001, 14001, 45001, 19011).Nuestro equipo est\u00e1 [&hellip;]<\/p>","protected":false},"author":1,"featured_media":0,"parent":0,"menu_order":0,"comment_status":"closed","ping_status":"closed","template":"","meta":{"footnotes":""},"class_list":["post-122","page","type-page","status-publish","hentry"],"blocksy_meta":[],"_links":{"self":[{"href":"https:\/\/scisolucionesintegralesgt.com\/en\/wp-json\/wp\/v2\/pages\/122","targetHints":{"allow":["GET"]}}],"collection":[{"href":"https:\/\/scisolucionesintegralesgt.com\/en\/wp-json\/wp\/v2\/pages"}],"about":[{"href":"https:\/\/scisolucionesintegralesgt.com\/en\/wp-json\/wp\/v2\/types\/page"}],"author":[{"embeddable":true,"href":"https:\/\/scisolucionesintegralesgt.com\/en\/wp-json\/wp\/v2\/users\/1"}],"replies":[{"embeddable":true,"href":"https:\/\/scisolucionesintegralesgt.com\/en\/wp-json\/wp\/v2\/comments?post=122"}],"version-history":[{"count":13,"href":"https:\/\/scisolucionesintegralesgt.com\/en\/wp-json\/wp\/v2\/pages\/122\/revisions"}],"predecessor-version":[{"id":1011,"href":"https:\/\/scisolucionesintegralesgt.com\/en\/wp-json\/wp\/v2\/pages\/122\/revisions\/1011"}],"wp:attachment":[{"href":"https:\/\/scisolucionesintegralesgt.com\/en\/wp-json\/wp\/v2\/media?parent=122"}],"curies":[{"name":"wp","href":"https:\/\/api.w.org\/{rel}","templated":true}]}}