{"id":1024,"date":"2025-07-01T14:42:29","date_gmt":"2025-07-01T14:42:29","guid":{"rendered":"https:\/\/scisolucionesintegralesgt.com\/?page_id=1024"},"modified":"2025-07-01T15:46:45","modified_gmt":"2025-07-01T15:46:45","slug":"caso-6-cumplimiento-normativo-de-salud-y-seguridad-ocupacional-sso","status":"publish","type":"page","link":"https:\/\/scisolucionesintegralesgt.com\/en\/caso-6-cumplimiento-normativo-de-salud-y-seguridad-ocupacional-sso\/","title":{"rendered":"Caso No. 6: Cumplimiento Normativo de Salud y Seguridad Ocupacional (SSO)"},"content":{"rendered":"<figure class=\"wp-block-image size-full is-resized\"><img decoding=\"async\" src=\"https:\/\/scisolucionesintegralesgt.com\/wp-content\/uploads\/2025\/07\/logo-puratos.svg\" alt=\"\" class=\"wp-image-1051\" style=\"width:132px;height:auto\"\/><\/figure>\n\n\n\n<div style=\"font-family: Arial, sans-serif; max-width: 960px; margin: auto; padding: 25px; line-height: 1.6; color: #222; background-color: #fff;\">\n\n<!-- T\u00cdTULO CORREGIDO CON SUBT\u00cdTULO NEGRO -->\n<h3 style=\"text-align: left; color: #000000; font-size: 1.8em; font-weight: normal; margin-top: 0;\">\n  <strong>Puratos de Guatemala S.A. Impulsa su Crecimiento al Asegurar Cumplimiento en Salud y Seguridad Ocupacional\n<\/h3>\n\n  <hr style=\"margin: 30px 0;\">\n\n  <!-- INTRODUCCI\u00d3N -->\n  <p>\n    Puratos de Guatemala S.A.<\/strong>, un destacado proveedor de soluciones innovadoras en panader\u00eda, pasteler\u00eda y chocolate, enfrentaba un obst\u00e1culo cr\u00edtico: la necesidad de cumplir con los requisitos legales en salud y seguridad ocupacional (SSO) para la ampliaci\u00f3n de sus instalaciones operativas. Sin un Plan de Salud y Seguridad en el Trabajo (SST) aprobado, no obtendr\u00edan la autorizaci\u00f3n para su expansi\u00f3n.\n  <\/p>\n\n  <!-- DESAF\u00cdO -->\n  <h3 style=\"color: #d32f2f;\">El Desaf\u00edo<\/h3>\n  <p>\n    La ampliaci\u00f3n de sus instalaciones era clave para su crecimiento. Sin embargo, esto estaba condicionado a un riguroso cumplimiento de la normativa guatemalteca. Requer\u00edan asesor\u00eda t\u00e9cnica especializada para:\n  <\/p>\n  <ul style=\"padding-left: 20px;\">\n    <li>Elaborar y registrar un <strong>Plan de SST integral<\/strong> conforme a la legislaci\u00f3n nacional.<\/li>\n    <li>Constituir formalmente un <strong>Comit\u00e9 Bipartito de Salud y Seguridad Ocupacional<\/strong>.<\/li>\n    <li>Implementar un <strong>Libro de Actas oficial<\/strong> para el Comit\u00e9.<\/li>\n    <li><strong>Capacitar al Monitor SSO<\/strong> para liderar las acciones de seguridad.<\/li>\n  <\/ul>\n\n  <!-- SOLUCI\u00d3N -->\n  <h3 style=\"color: #d32f2f;\">Nuestra Soluci\u00f3n<\/h3>\n  <p>\n    SCI Consulting and Training trabaj\u00f3 en estrecha colaboraci\u00f3n con Puratos para ofrecer una soluci\u00f3n t\u00e9cnica completa:\n  <\/p>\n  <ol style=\"padding-left: 20px;\">\n    <li><strong>Plan de SST:<\/strong> Elaboraci\u00f3n detallada del plan, adaptado al contexto y necesidades de la expansi\u00f3n. Registro completo ante autoridades competentes.<\/li>\n    <li><strong>Comit\u00e9 Bipartito:<\/strong> Facilitamos su constituci\u00f3n conforme a la normativa vigente y capacitamos a sus integrantes.<\/li>\n    <li><strong>Libro de Actas:<\/strong> Implementaci\u00f3n formal del libro con lineamientos claros para su uso legal y documental.<\/li>\n    <li><strong>Formaci\u00f3n al Monitor SSO:<\/strong> Capacitaci\u00f3n intensiva en gesti\u00f3n de riesgos, cumplimiento normativo y liderazgo preventivo.<\/li>\n  <\/ol>\n\n  <!-- RESULTADOS -->\n  <h3 style=\"color: #d32f2f;\">Resultados y Beneficios<\/h3>\n  <ul style=\"padding-left: 20px;\">\n    <li><strong>Permiso aprobado:<\/strong> Se obtuvo la autorizaci\u00f3n para la ampliaci\u00f3n de instalaciones.<\/li>\n    <li><strong>Cumplimiento legal completo:<\/strong> Se cumplieron todos los requisitos regulatorios en SST.<\/li>\n    <li><strong>Mejora cultural:<\/strong> Se fortaleci\u00f3 el compromiso interno con la seguridad laboral.<\/li>\n    <li><strong>Sistema estructurado:<\/strong> Para identificar, evaluar y controlar riesgos laborales.<\/li>\n    <li><strong>Enfoque en su negocio:<\/strong> Liberaron recursos operativos para continuar innovando y creciendo.<\/li>\n  <\/ul>\n\n  <!-- CIERRE DESTACADO -->\n  <div style=\"background-color: #e3f2fd; padding: 20px; border-left: 5px solid #1976d2; border-radius: 6px; margin-top: 30px;\">\n    <p style=\"margin: 0;\">\n      <strong>Este caso de \u00e9xito subraya c\u00f3mo una gesti\u00f3n proactiva y experta en Salud y Seguridad Ocupacional, no solo garantiza el cumplimiento legal inmediato, sino que se transforma en un <strong>facilitador estrat\u00e9gico del crecimiento. Proteger el capital humano, evitar retrasos burocr\u00e1ticos y elevar la reputaci\u00f3n institucional son pilares que fortalecen la productividad, sostenibilidad y competitividad de empresas como <strong>Puratos de Guatemala S.A<\/strong>.\n    <\/p>\n  <\/div>\n\n  <!-- LLAMADO A LA ACCI\u00d3N -->\n  <div style=\"margin-top: 40px; padding-left: 15px; border-left: 5px solid #b71c1c;\">\n  <h3 style=\"margin-bottom: 10px; font-size: 1.3em;\">\u00bfNecesita soluciones de Salud y Seguridad Ocupacional dise\u00f1adas para el crecimiento \u00fanico de su empresa?<\/h3>\n  <p>Cont\u00e1ctenos hoy mismo. Estamos listos para dise\u00f1ar soluciones integrales personalizadas que impulsen su desempe\u00f1o operativo.<\/p>\n  <ul style=\"list-style: none; padding-left: 0;\">\n    <li>\ud83c\udf10 <strong>Sitio web:<\/strong> <a href=\"https:\/\/scisolucionesintegralesgt.com\/en\/\" target=\"_blank\" style=\"color: #c62828; text-decoration: none;\">www.scisolucionesintegralesgt.com<\/a><\/li>\n    <li>\n      <img decoding=\"async\" src=\"https:\/\/upload.wikimedia.org\/wikipedia\/commons\/6\/6b\/WhatsApp.svg\" alt=\"WhatsApp\" style=\"height: 18px; vertical-align: middle; margin-right: 6px;\">\n      <strong>WhatsApp:<\/strong> <a href=\"https:\/\/wa.me\/50247174184\" target=\"_blank\" style=\"color: #388e3c; text-decoration: none;\" rel=\"noopener\">+502 4717 4184<\/a>\n    <\/li>\n    <li>\ud83d\udce7 <strong>Correo:<\/strong> <a href=\"mailto:gerencia@scisolucionesintegralesgt.com\" style=\"color: #1565c0; text-decoration: none;\">gerencia@scisolucionesintegralesgt.com<\/a><\/li>\n  <\/ul>\n<\/div>","protected":false},"excerpt":{"rendered":"<p>Puratos de Guatemala S.A. Impulsa su Crecimiento al Asegurar Cumplimiento en Salud y Seguridad Ocupacional Puratos de Guatemala S.A., un destacado proveedor de soluciones innovadoras en panader\u00eda, pasteler\u00eda y chocolate, enfrentaba un obst\u00e1culo cr\u00edtico: la necesidad de cumplir con los requisitos legales en salud y seguridad ocupacional (SSO) para la ampliaci\u00f3n de sus instalaciones operativas. [&hellip;]<\/p>","protected":false},"author":1,"featured_media":0,"parent":0,"menu_order":0,"comment_status":"closed","ping_status":"closed","template":"","meta":{"footnotes":""},"class_list":["post-1024","page","type-page","status-publish","hentry"],"blocksy_meta":[],"_links":{"self":[{"href":"https:\/\/scisolucionesintegralesgt.com\/en\/wp-json\/wp\/v2\/pages\/1024","targetHints":{"allow":["GET"]}}],"collection":[{"href":"https:\/\/scisolucionesintegralesgt.com\/en\/wp-json\/wp\/v2\/pages"}],"about":[{"href":"https:\/\/scisolucionesintegralesgt.com\/en\/wp-json\/wp\/v2\/types\/page"}],"author":[{"embeddable":true,"href":"https:\/\/scisolucionesintegralesgt.com\/en\/wp-json\/wp\/v2\/users\/1"}],"replies":[{"embeddable":true,"href":"https:\/\/scisolucionesintegralesgt.com\/en\/wp-json\/wp\/v2\/comments?post=1024"}],"version-history":[{"count":18,"href":"https:\/\/scisolucionesintegralesgt.com\/en\/wp-json\/wp\/v2\/pages\/1024\/revisions"}],"predecessor-version":[{"id":1052,"href":"https:\/\/scisolucionesintegralesgt.com\/en\/wp-json\/wp\/v2\/pages\/1024\/revisions\/1052"}],"wp:attachment":[{"href":"https:\/\/scisolucionesintegralesgt.com\/en\/wp-json\/wp\/v2\/media?parent=1024"}],"curies":[{"name":"wp","href":"https:\/\/api.w.org\/{rel}","templated":true}]}}